{"id":14564,"date":"2015-08-06T10:06:57","date_gmt":"2015-08-06T09:06:57","guid":{"rendered":"http:\/\/fortdeleveau.fr\/the-museum\/"},"modified":"2022-07-27T10:33:52","modified_gmt":"2022-07-27T09:33:52","slug":"the-museum","status":"publish","type":"page","link":"https:\/\/fortdeleveau.fr\/en\/the-museum\/","title":{"rendered":"The museum"},"content":{"rendered":"<p>[vc_row css_animation=&#8221;&#8221; row_type=&#8221;row&#8221; use_row_as_full_screen_section=&#8221;no&#8221; type=&#8221;full_width&#8221; text_align=&#8221;left&#8221; box_shadow_on_row=&#8221;no&#8221; oblique_section=&#8221;no&#8221; triangle_shape=&#8221;no&#8221;][vc_column][no_vertical_split_slider background_color=&#8221;#111111&#8243; disable_header_skin_change=&#8221;no&#8221; left_slide_panel_size=&#8221;50&#8243; right_slide_panel_size=&#8221;50&#8243;][no_vertical_left_sliding_panel][no_vertical_slide_content_item slide_name=&#8221;Le Mus\u00e9e&#8221; background_image=&#8221;11866&#8243; alignment=&#8221;right&#8221; header_style=&#8221;light&#8221;]<div class=\"custom_font_holder\" style=\"font-family: Raleway; font-size: 48px; line-height: 60px; font-style: normal; font-weight: 600; color: #ffffff; text-decoration: none; letter-spacing: 1px;; padding: 0; margin: 0 50px 0 0; text-transform: uppercase; text-align: center\" data-font-size=48 data-line-height=60 ><div  >Le mus\u00e9e<\/div><\/div>[\/no_vertical_slide_content_item][no_vertical_slide_content_item slide_name=&#8221;Les Salles&#8221; background_image=&#8221;11986&#8243; alignment=&#8221;left&#8221; header_style=&#8221;light&#8221;][no_elements_holder number_of_columns=&#8221;two_columns&#8221; switch_to_one_column=&#8221;&#8221; alignment_one_column=&#8221;&#8221;][no_elements_holder_item favorite=&#8221;no&#8221; item_padding=&#8221;168px 34px 50px 130px&#8221; aligment=&#8221;left&#8221; vertical_alignment=&#8221;middle&#8221; animation_name=&#8221;&#8221; advanced_animations=&#8221;no&#8221; item_padding_1300_1600=&#8221;168px 42px 26px 53px&#8221; item_padding_1000_1300=&#8221;210px 22px 26px 18px&#8221; item_padding_768_1000=&#8221;115px 12% 13px 12%&#8221; item_padding_600_768=&#8221;115px 12% 13px 12%&#8221; item_padding_480=&#8221;84px 10% 8px 10%&#8221;][vc_column_text]<\/p>\n<p style=\"text-align: left; color: white; font-size: 14px;\">The museum is the last witness to the siege of the city and is open to the public on a regular basis. It devotes a great deal of space to the Battle of Maubeuge in 1914. The design of the stronghold, the troops involved and the course of the fighting are explained in detail.<\/p>\n<p>[\/vc_column_text][vc_empty_space height=&#8221;40px&#8221; image_repeat=&#8221;no-repeat&#8221;][vc_gallery type=&#8221;image_grid&#8221; images=&#8221;13658,13659&#8243; column_number=&#8221;2&#8243; grayscale=&#8221;no&#8221; hover_icon=&#8221;magnifier&#8221; images_space=&#8221;gallery_with_space&#8221;][\/no_elements_holder_item][no_elements_holder_item favorite=&#8221;no&#8221; item_padding=&#8221;168px 107px 50px 34px&#8221; aligment=&#8221;left&#8221; vertical_alignment=&#8221;middle&#8221; animation_name=&#8221;&#8221; advanced_animations=&#8221;no&#8221; item_padding_1300_1600=&#8221;168px 60px 24px 17px&#8221; item_padding_1000_1300=&#8221;206px 36px 22px 6px&#8221; item_padding_768_1000=&#8221;0px 12% 85px 12%&#8221; item_padding_600_768=&#8221;0px 12% 85px 12%&#8221; item_padding_480=&#8221;0px 10% 50px 10%&#8221;][vc_gallery type=&#8221;image_grid&#8221; images=&#8221;12072,12074,12075,13681,13684&#8243; column_number=&#8221;2&#8243; grayscale=&#8221;no&#8221; hover_icon=&#8221;magnifier&#8221; images_space=&#8221;gallery_with_space&#8221;][vc_empty_space height=&#8221;40px&#8221; image_repeat=&#8221;no-repeat&#8221;][vc_column_text]<\/p>\n<p style=\"text-align: left; color: white; font-size: 14px;\">You will also be able to discover the &#8220;The tunnel where the dead were walled&#8221; inwhere the bodies of nine French soldiers killed during the bombardment of 7 September 1914 were found.<\/p>\n<p>[\/vc_column_text][\/no_elements_holder_item][\/no_elements_holder][\/no_vertical_slide_content_item][no_vertical_slide_content_item slide_name=&#8221;Les Salles&#8221; background_image=&#8221;12080&#8243; alignment=&#8221;left&#8221;]<div class=\"custom_font_holder\" style=\"font-family: Raleway; font-size: 48px; line-height: 60px; font-style: normal; font-weight: 600; color: #ffffff; text-decoration: none; letter-spacing: 1px;; padding: 0; margin: 0 50px 0 0; text-transform: uppercase; text-align: center\" data-font-size=48 data-line-height=60 ><div  ><\/p>\n<p style=\"text-align: center;\" align=\"JUSTIFY\"><span lang=\"fr-BE\">La vie dans<\/span><\/p>\n<p><\/div><\/div><div class=\"custom_font_holder\" style=\"font-family: Raleway; font-size: 48px; line-height: 60px; font-style: normal; font-weight: 600; color: #ffffff; text-decoration: none; letter-spacing: 1px;; padding: 0; margin: 0 50px 0 0; text-transform: uppercase; text-align: center\" data-font-size=48 data-line-height=60 ><div  ><\/p>\n<p style=\"text-align: center;\" align=\"JUSTIFY\"><span lang=\"fr-BE\">un fort S\u00e9r\u00e9 de Rivi\u00e8res<\/span><\/p>\n<p><\/div><\/div>[\/no_vertical_slide_content_item][no_vertical_slide_content_item slide_name=&#8221;Le temps d&#8217;une guerre&#8221; background_image=&#8221;11990&#8243; alignment=&#8221;left&#8221;][no_elements_holder number_of_columns=&#8221;two_columns&#8221; switch_to_one_column=&#8221;1000&#8243; alignment_one_column=&#8221;left&#8221;][no_elements_holder_item favorite=&#8221;no&#8221; item_padding=&#8221;168px 34px 50px 130px&#8221; aligment=&#8221;left&#8221; vertical_alignment=&#8221;middle&#8221; animation_name=&#8221;&#8221; advanced_animations=&#8221;no&#8221; item_padding_1300_1600=&#8221;168px 42px 26px 53px&#8221; item_padding_1000_1300=&#8221;210px 22px 26px 18px&#8221; item_padding_768_1000=&#8221;115px 12% 13px 12%&#8221; item_padding_600_768=&#8221;115px 12% 13px 12%&#8221; item_padding_480=&#8221;84px 10% 8px 10%&#8221;][vc_gallery type=&#8221;image_grid&#8221; images=&#8221;11898,11897&#8243; column_number=&#8221;2&#8243; grayscale=&#8221;no&#8221; hover_icon=&#8221;magnifier&#8221; images_space=&#8221;gallery_with_space&#8221;][vc_empty_space height=&#8221;40px&#8221; image_repeat=&#8221;no-repeat&#8221;][vc_column_text]<\/p>\n<h4 style=\"text-align: center; color: white;\"><strong>The artillery in the<br \/>\ntrenches<\/strong><\/h4>\n<p style=\"text-align: left; color: white; font-size: 14px;\">As the conflict was buried in the trenches, the artillery had to adapt to this new type of conflict. Discover some of the weapons and ammunition developed<br \/>\nto respond to this war of positions.<\/p>\n<p>[\/vc_column_text][\/no_elements_holder_item][no_elements_holder_item favorite=&#8221;no&#8221; item_padding=&#8221;168px 107px 50px 34px&#8221; aligment=&#8221;left&#8221; vertical_alignment=&#8221;middle&#8221; animation_name=&#8221;&#8221; advanced_animations=&#8221;no&#8221; item_padding_1300_1600=&#8221;168px 60px 24px 17px&#8221; item_padding_1000_1300=&#8221;206px 36px 22px 6px&#8221; item_padding_768_1000=&#8221;0px 12% 85px 12%&#8221; item_padding_600_768=&#8221;0px 12% 85px 12%&#8221; item_padding_480=&#8221;0px 10% 50px 10%&#8221;][vc_column_text]<\/p>\n<h4 style=\"text-align: center; color: white;\"><strong>The world of the trenches<\/strong><\/h4>\n<p style=\"text-align: left; color: white; font-size: 14px;\">In 1914, after the first months of fighting, the war of movement gave way to a war of positions. The men are buried in the trenches. You will discover the weapons and uniforms developed to adapt to this new kind of conflict. Then you will share the daily life of a French trench and go down into the underground dugouts where soup has just been brought back from the rear, while an officer interrogates a prisoner captured near our lines.<\/p>\n<p>[\/vc_column_text][vc_empty_space height=&#8221;30px&#8221; image_repeat=&#8221;no-repeat&#8221;][vc_gallery type=&#8221;image_grid&#8221; images=&#8221;11893,11880,13686,13685&#8243; column_number=&#8221;2&#8243; grayscale=&#8221;no&#8221; hover_icon=&#8221;magnifier&#8221; images_space=&#8221;gallery_with_space&#8221;][\/no_elements_holder_item][\/no_elements_holder][\/no_vertical_slide_content_item][\/no_vertical_left_sliding_panel][no_vertical_right_sliding_panel][no_vertical_slide_content_item background_image=&#8221;11865&#8243; alignment=&#8221;right&#8221; header_style=&#8221;light&#8221;][no_elements_holder number_of_columns=&#8221;one_column&#8221; switch_to_one_column=&#8221;&#8221; alignment_one_column=&#8221;&#8221;][no_elements_holder_item favorite=&#8221;no&#8221; item_padding=&#8221;114px 204px 0px 130px&#8221; aligment=&#8221;left&#8221; vertical_alignment=&#8221;middle&#8221; animation_name=&#8221;&#8221; advanced_animations=&#8221;no&#8221; item_padding_1300_1600=&#8221;114px 51px 0px 67px&#8221; item_padding_1000_1300=&#8221;114px 66px 0px 60px&#8221; item_padding_768_1000=&#8221;90px 13% 0px 10%&#8221; item_padding_600_768=&#8221;90px 13% 0px 10%&#8221; item_padding_480_600=&#8221;0px 89px 0px 69px&#8221; item_padding_480=&#8221;0px 49px 0px 49px&#8221;][vc_column_text]<span style=\"color: #ffffff;\">The entire museum of Fort Leveau is<br \/>\ndedicated to the First World War.<br \/>\nFrom local history to a more global vision of the conflict, the<br \/>\ndaily life of the soldiers and the living conditions of the &#8220;Poilus&#8221; are<br \/>\nfrom the early days of the war in the S\u00e9r\u00e9 de<br \/>\nRivi\u00e8res forts to the mud of the trenches.<\/span>[\/vc_column_text][vc_empty_space height=&#8221;40px&#8221; image_repeat=&#8221;no-repeat&#8221;][vc_gallery type=&#8221;image_grid&#8221; images=&#8221;13680,12068,11890&#8243; column_number=&#8221;3&#8243; grayscale=&#8221;no&#8221; hover_icon=&#8221;magnifier&#8221; images_space=&#8221;gallery_with_space&#8221;][vc_empty_space height=&#8221;30px&#8221; image_repeat=&#8221;no-repeat&#8221;][vc_row_inner row_type=&#8221;row&#8221; type=&#8221;full_width&#8221; use_row_as_full_screen_section_slide=&#8221;no&#8221; text_align=&#8221;left&#8221; background_color=&#8221;#ffffff&#8221; padding_top=&#8221;10&#8243; padding_bottom=&#8221;15&#8243; css_animation=&#8221;&#8221; box_shadow_on_row=&#8221;no&#8221;][vc_column_inner width=&#8221;1\/6&#8243;]<div class='mkd_icon_with_title small normal_icon animation_zoom' ><div class=\"icon_holder  \" style=\" \"><div class=\"icon_holder_inner\"><span class=\"mkd_icon_stack mkd_small_icon \" style=\"font-size: 30px;color: #1e73be;\"><i class=\"mkd_icon_font_awesome fa fa-arrow-down icon_text_icon mkd_icon_stack_1x \" style=\"font-size: 30px;\" ><\/i><\/span><\/div><\/div><div class=\"icon_text_holder\" style=\"padding-left: 86px;\"><div class=\"icon_title_inner_holder\"><h4 class=\"icon_title \" style=\"\"><\/h4><\/div><div class=\"icon_text_inner\"><p style=''><\/p><\/div><\/div><\/div>[\/vc_column_inner][vc_column_inner width=&#8221;5\/6&#8243;][vc_column_text]<strong>Scroll<\/strong> down<\/p>\n<p>or <strong>Click<\/strong> on the blue dots on the right to find out more.[\/vc_column_text][\/vc_column_inner][\/vc_row_inner][\/no_elements_holder_item][\/no_elements_holder][\/no_vertical_slide_content_item][no_vertical_slide_content_item background_image=&#8221;11985&#8243; alignment=&#8221;left&#8221;]<div class=\"custom_font_holder\" style=\"font-family: Raleway; font-size: 48px; line-height: 60px; font-style: normal; font-weight: 600; color: #ffffff; text-decoration: none; letter-spacing: 1px;; padding: 0; margin: 0 0 0 50px; text-transform: uppercase; text-align: center\" data-font-size=48 data-line-height=60 ><div  ><\/p>\n<p align=\"JUSTIFY\"><span lang=\"fr-BE\">la bataille de Maubeuge<\/span><\/p>\n<p><\/div><\/div>[\/no_vertical_slide_content_item][no_vertical_slide_content_item background_image=&#8221;12081&#8243; alignment=&#8221;left&#8221;][no_elements_holder number_of_columns=&#8221;two_columns&#8221; switch_to_one_column=&#8221;1000&#8243; alignment_one_column=&#8221;left&#8221;][no_elements_holder_item favorite=&#8221;no&#8221; item_padding=&#8221;168px 34px 50px 130px&#8221; aligment=&#8221;left&#8221; vertical_alignment=&#8221;middle&#8221; animation_name=&#8221;&#8221; advanced_animations=&#8221;no&#8221; item_padding_1300_1600=&#8221;168px 42px 26px 53px&#8221; item_padding_1000_1300=&#8221;210px 22px 26px 18px&#8221; item_padding_768_1000=&#8221;115px 12% 13px 12%&#8221; item_padding_600_768=&#8221;115px 12% 13px 12%&#8221; item_padding_480=&#8221;84px 10% 8px 10%&#8221;][vc_column_text]<\/p>\n<p style=\"text-align: left; color: white; font-size: 14px;\">Discover the functioning of a fort in 1914 with a model of the site but also with reconstructed living spaces which will plunge you into the daily life of the soldiers living at Leveau Fort.<\/p>\n<p>[\/vc_column_text][vc_empty_space height=&#8221;30px&#8221; image_repeat=&#8221;no-repeat&#8221;][vc_gallery type=&#8221;image_grid&#8221; images=&#8221;13677,13678&#8243; column_number=&#8221;2&#8243; grayscale=&#8221;no&#8221; hover_icon=&#8221;magnifier&#8221; images_space=&#8221;gallery_with_space&#8221;][vc_empty_space height=&#8221;20px&#8221; image_repeat=&#8221;no-repeat&#8221;][vc_column_text]<\/p>\n<p style=\"text-align: left; color: white; font-size: 14px;\">Enter the reconstruction of the food storage area and then discover the kitchen where the troop&#8217;s meals were prepared.<\/p>\n<p style=\"text-align: left; color: white; font-size: 14px;\">Enter the reconstitution of a troop&#8217;s barrack that housed 48 men.<\/p>\n<p>[\/vc_column_text][\/no_elements_holder_item][no_elements_holder_item favorite=&#8221;no&#8221; item_padding=&#8221;168px 107px 50px 34px&#8221; aligment=&#8221;left&#8221; vertical_alignment=&#8221;middle&#8221; animation_name=&#8221;&#8221; advanced_animations=&#8221;no&#8221; item_padding_1300_1600=&#8221;168px 60px 24px 17px&#8221; item_padding_1000_1300=&#8221;206px 36px 22px 6px&#8221; item_padding_768_1000=&#8221;0px 12% 85px 12%&#8221; item_padding_600_768=&#8221;0px 12% 85px 12%&#8221; item_padding_480=&#8221;0px 10% 50px 10%&#8221;][vc_empty_space height=&#8221;20px&#8221; image_repeat=&#8221;no-repeat&#8221;][vc_single_image image=&#8221;11879&#8243; img_size=&#8221;350&#215;500&#8243; alignment=&#8221;center&#8221; onclick=&#8221;link_image&#8221; mkd_css_animation=&#8221;&#8221; image_animate=&#8221;yes&#8221;][\/no_elements_holder_item][\/no_elements_holder][\/no_vertical_slide_content_item][no_vertical_slide_content_item background_image=&#8221;11989&#8243; alignment=&#8221;left&#8221;]<div class=\"custom_font_holder\" style=\"font-family: Raleway; font-size: 48px; line-height: 60px; font-style: normal; font-weight: 600; color: #ffffff; text-decoration: none; letter-spacing: 1px;; padding: 0; margin: 0 0 0 50px; text-transform: uppercase; text-align: center\" data-font-size=48 data-line-height=60 ><div  ><\/p>\n<p style=\"text-align: center;\" align=\"JUSTIFY\"><span lang=\"fr-BE\">le\u00a0temps d&#8217;une guerre<\/span><\/p>\n<p><\/div><\/div>[\/no_vertical_slide_content_item][\/no_vertical_right_sliding_panel][\/no_vertical_split_slider][\/vc_column][\/vc_row]<\/p>\n ","protected":false},"excerpt":{"rendered":"<p>[vc_row css_animation=&#8221;&#8221; row_type=&#8221;row&#8221; use_row_as_full_screen_section=&#8221;no&#8221; type=&#8221;full_width&#8221; text_align=&#8221;left&#8221; box_shadow_on_row=&#8221;no&#8221; oblique_section=&#8221;no&#8221; triangle_shape=&#8221;no&#8221;][vc_column][no_vertical_split_slider background_color=&#8221;#111111&#8243; disable_header_skin_change=&#8221;no&#8221; left_slide_panel_size=&#8221;50&#8243; right_slide_panel_size=&#8221;50&#8243;][no_vertical_left_sliding_panel][no_vertical_slide_content_item slide_name=&#8221;Le Mus\u00e9e&#8221; background_image=&#8221;11866&#8243; alignment=&#8221;right&#8221; header_style=&#8221;light&#8221;][\/no_vertical_slide_content_item][no_vertical_slide_content_item slide_name=&#8221;Les Salles&#8221; background_image=&#8221;11986&#8243; alignment=&#8221;left&#8221; header_style=&#8221;light&#8221;][no_elements_holder number_of_columns=&#8221;two_columns&#8221; switch_to_one_column=&#8221;&#8221; alignment_one_column=&#8221;&#8221;][no_elements_holder_item favorite=&#8221;no&#8221; item_padding=&#8221;168px 34px 50px 130px&#8221; aligment=&#8221;left&#8221; vertical_alignment=&#8221;middle&#8221; animation_name=&#8221;&#8221; advanced_animations=&#8221;no&#8221; item_padding_1300_1600=&#8221;168px 42px 26px 53px&#8221; item_padding_1000_1300=&#8221;210px 22px 26px 18px&#8221; item_padding_768_1000=&#8221;115px 12% 13px 12%&#8221; item_padding_600_768=&#8221;115px 12% 13px 12%&#8221; item_padding_480=&#8221;84px 10% 8px 10%&#8221;][vc_column_text] The museum is the last&#8230;<\/p>\n","protected":false},"author":1,"featured_media":0,"parent":0,"menu_order":0,"comment_status":"closed","ping_status":"closed","template":"full_width.php","meta":[],"acf":false,"_links":{"self":[{"href":"https:\/\/fortdeleveau.fr\/en\/wp-json\/wp\/v2\/pages\/14564"}],"collection":[{"href":"https:\/\/fortdeleveau.fr\/en\/wp-json\/wp\/v2\/pages"}],"about":[{"href":"https:\/\/fortdeleveau.fr\/en\/wp-json\/wp\/v2\/types\/page"}],"author":[{"embeddable":true,"href":"https:\/\/fortdeleveau.fr\/en\/wp-json\/wp\/v2\/users\/1"}],"replies":[{"embeddable":true,"href":"https:\/\/fortdeleveau.fr\/en\/wp-json\/wp\/v2\/comments?post=14564"}],"version-history":[{"count":6,"href":"https:\/\/fortdeleveau.fr\/en\/wp-json\/wp\/v2\/pages\/14564\/revisions"}],"predecessor-version":[{"id":15037,"href":"https:\/\/fortdeleveau.fr\/en\/wp-json\/wp\/v2\/pages\/14564\/revisions\/15037"}],"wp:attachment":[{"href":"https:\/\/fortdeleveau.fr\/en\/wp-json\/wp\/v2\/media?parent=14564"}],"curies":[{"name":"wp","href":"https:\/\/api.w.org\/{rel}","templated":true}]}}