{"id":14672,"date":"2015-10-20T10:13:48","date_gmt":"2015-10-20T09:13:48","guid":{"rendered":"http:\/\/fortdeleveau.fr\/shop\/"},"modified":"2022-05-12T10:05:15","modified_gmt":"2022-05-12T09:05:15","slug":"shop","status":"publish","type":"page","link":"https:\/\/fortdeleveau.fr\/en\/shop\/","title":{"rendered":"Shop"},"content":{"rendered":"<p>[vc_row row_type=&#8221;row&#8221; use_row_as_full_screen_section=&#8221;no&#8221; type=&#8221;full_width&#8221; text_align=&#8221;left&#8221; css_animation=&#8221;&#8221; box_shadow_on_row=&#8221;no&#8221;][vc_column][vc_empty_space height=&#8221;60px&#8221; image_repeat=&#8221;no-repeat&#8221;][\/vc_column][\/vc_row][vc_row row_type=&#8221;row&#8221; use_row_as_full_screen_section=&#8221;no&#8221; type=&#8221;full_width&#8221; text_align=&#8221;left&#8221; css_animation=&#8221;&#8221; box_shadow_on_row=&#8221;no&#8221;][vc_column width=&#8221;1\/6&#8243;][\/vc_column][vc_column width=&#8221;2\/3&#8243;][vc_row_inner row_type=&#8221;row&#8221; type=&#8221;full_width&#8221; use_row_as_full_screen_section_slide=&#8221;no&#8221; text_align=&#8221;left&#8221; css_animation=&#8221;&#8221; box_shadow_on_row=&#8221;no&#8221;][vc_column_inner width=&#8221;1\/3&#8243;][vc_single_image image=&#8221;11965&#8243; img_size=&#8221;full&#8221; alignment=&#8221;center&#8221; mkd_css_animation=&#8221;&#8221; image_animate=&#8221;yes&#8221;][vc_empty_space height=&#8221;20px&#8221; image_repeat=&#8221;no-repeat&#8221;][vc_column_text]<\/p>\n<h5 style=\"text-align: center;\">Bookmark<\/h5>\n<p>[\/vc_column_text][vc_column_text]<\/p>\n<h4 style=\"text-align: center;\">Fort de Leveau magnetic bookmark 2 models available<\/h4>\n<h3 style=\"text-align: center;\"><span style=\"color: #ff0000;\"> 3\u20ac<\/span><\/h3>\n<p>[\/vc_column_text][\/vc_column_inner][vc_column_inner width=&#8221;1\/3&#8243;][vc_single_image image=&#8221;11963&#8243; img_size=&#8221;full&#8221; alignment=&#8221;center&#8221; mkd_css_animation=&#8221;&#8221; image_animate=&#8221;yes&#8221;][vc_empty_space height=&#8221;20px&#8221; image_repeat=&#8221;no-repeat&#8221;][vc_column_text]<\/p>\n<h5 style=\"text-align: center;\">Post card<\/h5>\n<p>[\/vc_column_text][vc_column_text]<\/p>\n<h4 style=\"text-align: center;\">Fort de Leveau postcard with envelope<\/h4>\n<h3 style=\"text-align: center;\"><span style=\"color: #ff0000;\"> 2\u20ac<\/span><\/h3>\n<p>[\/vc_column_text][\/vc_column_inner][vc_column_inner width=&#8221;1\/3&#8243;][vc_single_image image=&#8221;11964&#8243; img_size=&#8221;full&#8221; alignment=&#8221;center&#8221; mkd_css_animation=&#8221;&#8221; image_animate=&#8221;yes&#8221;][vc_empty_space height=&#8221;20px&#8221; image_repeat=&#8221;no-repeat&#8221;][vc_column_text]<\/p>\n<h5 style=\"text-align: center;\">DVD<\/h5>\n<p>[\/vc_column_text][vc_column_text]<\/p>\n<h4 style=\"text-align: center;\">DVD &#8220;Le Fort de Leveau a witness to history&#8221;<\/h4>\n<h3 style=\"text-align: center;\"><span style=\"color: #ff0000;\"> 10\u20ac<\/span><\/h3>\n<p>[\/vc_column_text][\/vc_column_inner][\/vc_row_inner][vc_empty_space height=&#8221;40px&#8221; image_repeat=&#8221;no-repeat&#8221;][\/vc_column][vc_column width=&#8221;1\/6&#8243;][\/vc_column][\/vc_row][vc_row row_type=&#8221;row&#8221; use_row_as_full_screen_section=&#8221;no&#8221; type=&#8221;full_width&#8221; text_align=&#8221;center&#8221; background_image=&#8221;10817&#8243; use_as_box=&#8221;use_row_as_box&#8221; css_animation=&#8221;&#8221; box_shadow_on_row=&#8221;no&#8221;][vc_column][vc_empty_space height=&#8221;80px&#8221; image_repeat=&#8221;no-repeat&#8221;]<div class=\"custom_font_holder\" style=\" font-size: 30px; font-style: normal; font-weight: 500; color: #ffffff; text-decoration: none; text-shadow: 1px 1px 2px rgba(0, 0, 0, 0.4);; padding: 0; margin: 0; text-transform: uppercase; text-align: center\" data-font-size=30 ><div  ><strong>BOOKS<\/strong><\/div><\/div>[vc_empty_space height=&#8221;80px&#8221; image_repeat=&#8221;no-repeat&#8221;][\/vc_column][\/vc_row][vc_row row_type=&#8221;row&#8221; use_row_as_full_screen_section=&#8221;no&#8221; type=&#8221;grid&#8221; text_align=&#8221;left&#8221; css_animation=&#8221;&#8221; box_shadow_on_row=&#8221;no&#8221;][vc_column][vc_empty_space height=&#8221;60px&#8221; image_repeat=&#8221;no-repeat&#8221;]<div class='cover_boxes boxes_three' data-active-element='1' date-number_of_items=\"3\"><ul class='clearfix'><li><div class='box'><a class='thumb' href='http:\/\/fortdeleveau.fr\/wp-content\/uploads\/2015\/10\/lamiliatiare.jpg' target='_blank'><img alt='Maubeuge, la Militaire' src='https:\/\/fortdeleveau.fr\/wp-content\/uploads\/2015\/10\/lamiliatiare.jpg' \/><\/a><div class='box_content'><h4  class='cover_box_title'>Maubeuge, la Militaire<\/h4><span class=\"separator small\" style=\"\"><\/span><p  style='color:#0a0a0a'>Julien DEPRET, auteur-\u00e9diteur, septembre 2004. 27\u20ac<\/p><\/div><\/div><\/li><li><div class='box'><a class='thumb' href='http:\/\/fortdeleveau.fr\/wp-content\/uploads\/2015\/10\/maubeuge.jpg' target='_blank'><img alt='Histoire d&#039;un livre inachev\u00e9 : Georges Gay face aux t\u00e9moins oubli\u00e9s du si\u00e8ge de Maubeuge en 1914' src='https:\/\/fortdeleveau.fr\/wp-content\/uploads\/2015\/10\/maubeuge.jpg' \/><\/a><div class='box_content'><h4  class='cover_box_title'>Histoire d&#039;un livre inachev\u00e9 : Georges Gay face aux t\u00e9moins oubli\u00e9s du si\u00e8ge de Maubeuge en 1914<\/h4><span class=\"separator small\" style=\"\"><\/span><p  style='color:#0a0a0a''>J.DEPRET \/ A.S.F.L. , Septembre 2014 Nombre de pages : 144- Format : 297 X 210 mm 28 \u20ac<\/p><\/div><\/div><\/li><li><div class='box'><a class='thumb' href='http:\/\/fortdeleveau.fr\/wp-content\/uploads\/2015\/10\/fort_de_leveau.jpg' target='_blank'><img alt='Le fort de Leveau de 1874 \u00e0 nos jours' src='https:\/\/fortdeleveau.fr\/wp-content\/uploads\/2015\/10\/fort_de_leveau.jpg' \/><\/a><div class='box_content'><h4  class='cover_box_title'>Le fort de Leveau de 1874 \u00e0 nos jours<\/h4><span class=\"separator small\" style=\"\"><\/span><p  style='color:#0a0a0a''>Collectif, Ville de Feignies, ASFL, septembre 2008. Nombre de pages: 40 - Format: 220 X 160 mm 5\u20ac<\/p><\/div><\/div><\/li><\/ul><\/div>[vc_empty_space height=&#8221;50px&#8221; image_repeat=&#8221;no-repeat&#8221;][\/vc_column][\/vc_row][vc_row row_type=&#8221;row&#8221; use_row_as_full_screen_section=&#8221;no&#8221; type=&#8221;grid&#8221; text_align=&#8221;left&#8221; css_animation=&#8221;&#8221; box_shadow_on_row=&#8221;no&#8221;][vc_column]<div class='cover_boxes boxes_three' data-active-element='1' date-number_of_items=\"3\"><ul class='clearfix'><li><div class='box'><a class='thumb' href='http:\/\/fortdeleveau.fr\/wp-content\/uploads\/2015\/10\/secteur_fortif.jpg' target='_blank'><img alt='Le secteur fortifi\u00e9 de Maubeuge face \u00e0 l&#039;invasion de mai 1940' src='https:\/\/fortdeleveau.fr\/wp-content\/uploads\/2015\/10\/secteur_fortif.jpg' \/><\/a><div class='box_content'><h4  class='cover_box_title'>Le secteur fortifi\u00e9 de Maubeuge face \u00e0 l&#039;invasion de mai 1940<\/h4><span class=\"separator small\" style=\"\"><\/span><p  style='color:#0a0a0a'>Julien DEPRET, auteur-\u00e9diteur, septembre 2012. 30\u20ac<\/p><\/div><\/div><\/li><li><div class='box'><a class='thumb' href='http:\/\/fortdeleveau.fr\/wp-content\/uploads\/2015\/10\/nord.jpg' target='_blank'><img alt='Le Nord, Fronti\u00e8re militaire, tome 2' src='https:\/\/fortdeleveau.fr\/wp-content\/uploads\/2015\/10\/nord.jpg' \/><\/a><div class='box_content'><h4  class='cover_box_title'>Le Nord, Fronti\u00e8re militaire, tome 2<\/h4><span class=\"separator small\" style=\"\"><\/span><p  style='color:#0a0a0a''>Julien DEPRET, auteur-\u00e9diteur, septembre 2005. 45\u20ac<\/p><\/div><\/div><\/li><li><div class='box'><a class='thumb' href='' target='_self'><img alt='' src='' \/><\/a><div class='box_content'><h4  class='cover_box_title'><\/h4><span class=\"separator small\" style=\"\"><\/span><p ><\/p><\/div><\/div><\/li><\/ul><\/div>[vc_empty_space height=&#8221;50px&#8221; image_repeat=&#8221;no-repeat&#8221;][\/vc_column][\/vc_row]<\/p>\n ","protected":false},"excerpt":{"rendered":"<p>[vc_row row_type=&#8221;row&#8221; use_row_as_full_screen_section=&#8221;no&#8221; type=&#8221;full_width&#8221; text_align=&#8221;left&#8221; css_animation=&#8221;&#8221; box_shadow_on_row=&#8221;no&#8221;][vc_column][vc_empty_space height=&#8221;60px&#8221; image_repeat=&#8221;no-repeat&#8221;][\/vc_column][\/vc_row][vc_row row_type=&#8221;row&#8221; use_row_as_full_screen_section=&#8221;no&#8221; type=&#8221;full_width&#8221; text_align=&#8221;left&#8221; css_animation=&#8221;&#8221; box_shadow_on_row=&#8221;no&#8221;][vc_column width=&#8221;1\/6&#8243;][\/vc_column][vc_column width=&#8221;2\/3&#8243;][vc_row_inner row_type=&#8221;row&#8221; type=&#8221;full_width&#8221; use_row_as_full_screen_section_slide=&#8221;no&#8221; text_align=&#8221;left&#8221; css_animation=&#8221;&#8221; box_shadow_on_row=&#8221;no&#8221;][vc_column_inner width=&#8221;1\/3&#8243;][vc_single_image image=&#8221;11965&#8243; img_size=&#8221;full&#8221; alignment=&#8221;center&#8221; mkd_css_animation=&#8221;&#8221; image_animate=&#8221;yes&#8221;][vc_empty_space height=&#8221;20px&#8221; image_repeat=&#8221;no-repeat&#8221;][vc_column_text] Bookmark [\/vc_column_text][vc_column_text] Fort de Leveau magnetic bookmark 2 models available 3\u20ac [\/vc_column_text][\/vc_column_inner][vc_column_inner width=&#8221;1\/3&#8243;][vc_single_image image=&#8221;11963&#8243; img_size=&#8221;full&#8221; alignment=&#8221;center&#8221; mkd_css_animation=&#8221;&#8221; image_animate=&#8221;yes&#8221;][vc_empty_space height=&#8221;20px&#8221; image_repeat=&#8221;no-repeat&#8221;][vc_column_text] Post card [\/vc_column_text][vc_column_text] Fort de Leveau postcard with envelope&#8230;<\/p>\n","protected":false},"author":1,"featured_media":0,"parent":0,"menu_order":0,"comment_status":"closed","ping_status":"closed","template":"full_width.php","meta":[],"acf":false,"_links":{"self":[{"href":"https:\/\/fortdeleveau.fr\/en\/wp-json\/wp\/v2\/pages\/14672"}],"collection":[{"href":"https:\/\/fortdeleveau.fr\/en\/wp-json\/wp\/v2\/pages"}],"about":[{"href":"https:\/\/fortdeleveau.fr\/en\/wp-json\/wp\/v2\/types\/page"}],"author":[{"embeddable":true,"href":"https:\/\/fortdeleveau.fr\/en\/wp-json\/wp\/v2\/users\/1"}],"replies":[{"embeddable":true,"href":"https:\/\/fortdeleveau.fr\/en\/wp-json\/wp\/v2\/comments?post=14672"}],"version-history":[{"count":2,"href":"https:\/\/fortdeleveau.fr\/en\/wp-json\/wp\/v2\/pages\/14672\/revisions"}],"predecessor-version":[{"id":14682,"href":"https:\/\/fortdeleveau.fr\/en\/wp-json\/wp\/v2\/pages\/14672\/revisions\/14682"}],"wp:attachment":[{"href":"https:\/\/fortdeleveau.fr\/en\/wp-json\/wp\/v2\/media?parent=14672"}],"curies":[{"name":"wp","href":"https:\/\/api.w.org\/{rel}","templated":true}]}}